{"id":11143,"date":"2025-01-16T13:06:34","date_gmt":"2025-01-16T10:06:34","guid":{"rendered":"https:\/\/www.camruzgarligi.com\/?post_type=product&#038;p=11143"},"modified":"2025-01-16T13:06:35","modified_gmt":"2025-01-16T10:06:35","slug":"togg-t10x-cam-ruzgarligi-4lu","status":"publish","type":"product","link":"https:\/\/www.camruzgarligi.com\/index.php\/urun\/togg-t10x-cam-ruzgarligi-4lu\/","title":{"rendered":"Togg T10X Cam R\u00fczgarl\u0131\u011f\u0131 4l\u00fc"},"content":{"rendered":"<p>Togg T10X Cam R\u00fczgarl\u0131\u011f\u0131 4l\u00fc<\/p>\n","protected":false},"excerpt":{"rendered":"<p>Togg T10X Cam R\u00fczgarl\u0131\u011f\u0131 4l\u00fc<\/p>\n","protected":false},"featured_media":0,"comment_status":"closed","ping_status":"closed","template":"","meta":[],"product_cat":[247,246],"product_tag":[],"class_list":{"0":"post-11143","1":"product","2":"type-product","3":"status-publish","5":"product_cat-t10x","6":"product_cat-togg","8":"first","9":"instock","10":"sale","11":"shipping-taxable","12":"purchasable","13":"product-type-simple"},"_links":{"self":[{"href":"https:\/\/www.camruzgarligi.com\/index.php\/wp-json\/wp\/v2\/product\/11143","targetHints":{"allow":["GET"]}}],"collection":[{"href":"https:\/\/www.camruzgarligi.com\/index.php\/wp-json\/wp\/v2\/product"}],"about":[{"href":"https:\/\/www.camruzgarligi.com\/index.php\/wp-json\/wp\/v2\/types\/product"}],"replies":[{"embeddable":true,"href":"https:\/\/www.camruzgarligi.com\/index.php\/wp-json\/wp\/v2\/comments?post=11143"}],"version-history":[{"count":1,"href":"https:\/\/www.camruzgarligi.com\/index.php\/wp-json\/wp\/v2\/product\/11143\/revisions"}],"predecessor-version":[{"id":11144,"href":"https:\/\/www.camruzgarligi.com\/index.php\/wp-json\/wp\/v2\/product\/11143\/revisions\/11144"}],"wp:attachment":[{"href":"https:\/\/www.camruzgarligi.com\/index.php\/wp-json\/wp\/v2\/media?parent=11143"}],"wp:term":[{"taxonomy":"product_cat","embeddable":true,"href":"https:\/\/www.camruzgarligi.com\/index.php\/wp-json\/wp\/v2\/product_cat?post=11143"},{"taxonomy":"product_tag","embeddable":true,"href":"https:\/\/www.camruzgarligi.com\/index.php\/wp-json\/wp\/v2\/product_tag?post=11143"}],"curies":[{"name":"wp","href":"https:\/\/api.w.org\/{rel}","templated":true}]}}