{"id":11122,"date":"2025-01-16T10:33:33","date_gmt":"2025-01-16T07:33:33","guid":{"rendered":"https:\/\/www.camruzgarligi.com\/?post_type=product&#038;p=11122"},"modified":"2025-01-16T10:33:34","modified_gmt":"2025-01-16T07:33:34","slug":"scania-r-s-p-g-xt-serisi-uzun-model-2018-ve-sonrasi-cam-ruzgarligi-2li","status":"publish","type":"product","link":"https:\/\/www.camruzgarligi.com\/index.php\/urun\/scania-r-s-p-g-xt-serisi-uzun-model-2018-ve-sonrasi-cam-ruzgarligi-2li\/","title":{"rendered":"Scania R-S-P-G-XT Serisi Uzun Model 2018 ve Sonras\u0131 Cam R\u00fczgarl\u0131\u011f\u0131 2li"},"content":{"rendered":"<p>Scania R-S-P-G-XT Serisi Uzun Model 2018 ve Sonras\u0131 Cam R\u00fczgarl\u0131\u011f\u0131 2li<\/p>\n","protected":false},"excerpt":{"rendered":"<p>Scania R-S-P-G-XT Serisi Uzun Model 2018 ve Sonras\u0131 Cam R\u00fczgarl\u0131\u011f\u0131 2li<\/p>\n","protected":false},"featured_media":0,"comment_status":"closed","ping_status":"closed","template":"","meta":[],"product_cat":[237],"product_tag":[],"class_list":{"0":"post-11122","1":"product","2":"type-product","3":"status-publish","5":"product_cat-scania","7":"first","8":"instock","9":"sale","10":"shipping-taxable","11":"purchasable","12":"product-type-simple"},"_links":{"self":[{"href":"https:\/\/www.camruzgarligi.com\/index.php\/wp-json\/wp\/v2\/product\/11122","targetHints":{"allow":["GET"]}}],"collection":[{"href":"https:\/\/www.camruzgarligi.com\/index.php\/wp-json\/wp\/v2\/product"}],"about":[{"href":"https:\/\/www.camruzgarligi.com\/index.php\/wp-json\/wp\/v2\/types\/product"}],"replies":[{"embeddable":true,"href":"https:\/\/www.camruzgarligi.com\/index.php\/wp-json\/wp\/v2\/comments?post=11122"}],"version-history":[{"count":1,"href":"https:\/\/www.camruzgarligi.com\/index.php\/wp-json\/wp\/v2\/product\/11122\/revisions"}],"predecessor-version":[{"id":11123,"href":"https:\/\/www.camruzgarligi.com\/index.php\/wp-json\/wp\/v2\/product\/11122\/revisions\/11123"}],"wp:attachment":[{"href":"https:\/\/www.camruzgarligi.com\/index.php\/wp-json\/wp\/v2\/media?parent=11122"}],"wp:term":[{"taxonomy":"product_cat","embeddable":true,"href":"https:\/\/www.camruzgarligi.com\/index.php\/wp-json\/wp\/v2\/product_cat?post=11122"},{"taxonomy":"product_tag","embeddable":true,"href":"https:\/\/www.camruzgarligi.com\/index.php\/wp-json\/wp\/v2\/product_tag?post=11122"}],"curies":[{"name":"wp","href":"https:\/\/api.w.org\/{rel}","templated":true}]}}