{"id":11120,"date":"2025-01-16T10:28:33","date_gmt":"2025-01-16T07:28:33","guid":{"rendered":"https:\/\/www.camruzgarligi.com\/?post_type=product&#038;p=11120"},"modified":"2025-01-16T10:28:33","modified_gmt":"2025-01-16T07:28:33","slug":"scania-g-p-r-l-serisi-uzun-model-1997-2018-ve-arasi-cam-ruzgarligi-2li","status":"publish","type":"product","link":"https:\/\/www.camruzgarligi.com\/index.php\/urun\/scania-g-p-r-l-serisi-uzun-model-1997-2018-ve-arasi-cam-ruzgarligi-2li\/","title":{"rendered":"Scania G-P-R-L Serisi Uzun Model 1997-2018 Ve Aras\u0131 Cam R\u00fczgarl\u0131\u011f\u0131 2li"},"content":{"rendered":"<p>Scania G-P-R-L Serisi Uzun Model 1997-2018 Ve Aras\u0131 Cam R\u00fczgarl\u0131\u011f\u0131 2li<\/p>\n","protected":false},"excerpt":{"rendered":"<p>Scania G-P-R-L Serisi Uzun Model 1997-2018 Ve Aras\u0131 Cam R\u00fczgarl\u0131\u011f\u0131 2li<\/p>\n","protected":false},"featured_media":0,"comment_status":"closed","ping_status":"closed","template":"","meta":[],"product_cat":[237],"product_tag":[],"class_list":{"0":"post-11120","1":"product","2":"type-product","3":"status-publish","5":"product_cat-scania","7":"first","8":"instock","9":"sale","10":"shipping-taxable","11":"purchasable","12":"product-type-simple"},"_links":{"self":[{"href":"https:\/\/www.camruzgarligi.com\/index.php\/wp-json\/wp\/v2\/product\/11120","targetHints":{"allow":["GET"]}}],"collection":[{"href":"https:\/\/www.camruzgarligi.com\/index.php\/wp-json\/wp\/v2\/product"}],"about":[{"href":"https:\/\/www.camruzgarligi.com\/index.php\/wp-json\/wp\/v2\/types\/product"}],"replies":[{"embeddable":true,"href":"https:\/\/www.camruzgarligi.com\/index.php\/wp-json\/wp\/v2\/comments?post=11120"}],"version-history":[{"count":1,"href":"https:\/\/www.camruzgarligi.com\/index.php\/wp-json\/wp\/v2\/product\/11120\/revisions"}],"predecessor-version":[{"id":11121,"href":"https:\/\/www.camruzgarligi.com\/index.php\/wp-json\/wp\/v2\/product\/11120\/revisions\/11121"}],"wp:attachment":[{"href":"https:\/\/www.camruzgarligi.com\/index.php\/wp-json\/wp\/v2\/media?parent=11120"}],"wp:term":[{"taxonomy":"product_cat","embeddable":true,"href":"https:\/\/www.camruzgarligi.com\/index.php\/wp-json\/wp\/v2\/product_cat?post=11120"},{"taxonomy":"product_tag","embeddable":true,"href":"https:\/\/www.camruzgarligi.com\/index.php\/wp-json\/wp\/v2\/product_tag?post=11120"}],"curies":[{"name":"wp","href":"https:\/\/api.w.org\/{rel}","templated":true}]}}