{"id":11118,"date":"2025-01-14T16:54:40","date_gmt":"2025-01-14T13:54:40","guid":{"rendered":"https:\/\/www.camruzgarligi.com\/?post_type=product&#038;p=11118"},"modified":"2025-01-14T16:57:42","modified_gmt":"2025-01-14T13:57:42","slug":"scania-g-p-r-l-serisi-kisa-model-1997-201-ve-sonrasi-cam-ruzgarligi-2li","status":"publish","type":"product","link":"https:\/\/www.camruzgarligi.com\/index.php\/urun\/scania-g-p-r-l-serisi-kisa-model-1997-201-ve-sonrasi-cam-ruzgarligi-2li\/","title":{"rendered":"Scania G-P-R-L Serisi K\u0131sa Model 1997-201 Ve Sonras\u0131 Cam R\u00fczgarl\u0131\u011f\u0131 2li"},"content":{"rendered":"<p>Scania G-P-R-L Serisi K\u0131sa Model 1997-201 Ve Sonras\u0131 Cam R\u00fczgarl\u0131\u011f\u0131 2li<\/p>\n","protected":false},"excerpt":{"rendered":"<p>Scania G-P-R-L Serisi K\u0131sa Model 1997-201 Ve Sonras\u0131 Cam R\u00fczgarl\u0131\u011f\u0131 2li<\/p>\n","protected":false},"featured_media":0,"comment_status":"closed","ping_status":"closed","template":"","meta":[],"product_cat":[237],"product_tag":[],"class_list":{"0":"post-11118","1":"product","2":"type-product","3":"status-publish","5":"product_cat-scania","7":"first","8":"instock","9":"sale","10":"shipping-taxable","11":"purchasable","12":"product-type-simple"},"_links":{"self":[{"href":"https:\/\/www.camruzgarligi.com\/index.php\/wp-json\/wp\/v2\/product\/11118","targetHints":{"allow":["GET"]}}],"collection":[{"href":"https:\/\/www.camruzgarligi.com\/index.php\/wp-json\/wp\/v2\/product"}],"about":[{"href":"https:\/\/www.camruzgarligi.com\/index.php\/wp-json\/wp\/v2\/types\/product"}],"replies":[{"embeddable":true,"href":"https:\/\/www.camruzgarligi.com\/index.php\/wp-json\/wp\/v2\/comments?post=11118"}],"version-history":[{"count":1,"href":"https:\/\/www.camruzgarligi.com\/index.php\/wp-json\/wp\/v2\/product\/11118\/revisions"}],"predecessor-version":[{"id":11119,"href":"https:\/\/www.camruzgarligi.com\/index.php\/wp-json\/wp\/v2\/product\/11118\/revisions\/11119"}],"wp:attachment":[{"href":"https:\/\/www.camruzgarligi.com\/index.php\/wp-json\/wp\/v2\/media?parent=11118"}],"wp:term":[{"taxonomy":"product_cat","embeddable":true,"href":"https:\/\/www.camruzgarligi.com\/index.php\/wp-json\/wp\/v2\/product_cat?post=11118"},{"taxonomy":"product_tag","embeddable":true,"href":"https:\/\/www.camruzgarligi.com\/index.php\/wp-json\/wp\/v2\/product_tag?post=11118"}],"curies":[{"name":"wp","href":"https:\/\/api.w.org\/{rel}","templated":true}]}}