{"id":11110,"date":"2025-01-14T16:06:39","date_gmt":"2025-01-14T13:06:39","guid":{"rendered":"https:\/\/www.camruzgarligi.com\/?post_type=product&#038;p=11110"},"modified":"2025-01-14T16:06:39","modified_gmt":"2025-01-14T13:06:39","slug":"renault-symbol-2013-2020-ve-cam-ruzgarligi-4lu","status":"publish","type":"product","link":"https:\/\/www.camruzgarligi.com\/index.php\/urun\/renault-symbol-2013-2020-ve-cam-ruzgarligi-4lu\/","title":{"rendered":"Renault Symbol 2013-2020 Ve Cam R\u00fczgarl\u0131\u011f\u0131  4l\u00fc"},"content":{"rendered":"<p>Renault Symbol 2013-2020 Ve Cam R\u00fczgarl\u0131\u011f\u0131  4l\u00fc<\/p>\n","protected":false},"excerpt":{"rendered":"<p>Renault Symbol 2013-2020 Ve Cam R\u00fczgarl\u0131\u011f\u0131 4l\u00fc<\/p>\n","protected":false},"featured_media":0,"comment_status":"closed","ping_status":"closed","template":"","meta":[],"product_cat":[223,234],"product_tag":[],"class_list":{"0":"post-11110","1":"product","2":"type-product","3":"status-publish","5":"product_cat-renault","6":"product_cat-symbol","8":"first","9":"instock","10":"sale","11":"shipping-taxable","12":"purchasable","13":"product-type-simple"},"_links":{"self":[{"href":"https:\/\/www.camruzgarligi.com\/index.php\/wp-json\/wp\/v2\/product\/11110","targetHints":{"allow":["GET"]}}],"collection":[{"href":"https:\/\/www.camruzgarligi.com\/index.php\/wp-json\/wp\/v2\/product"}],"about":[{"href":"https:\/\/www.camruzgarligi.com\/index.php\/wp-json\/wp\/v2\/types\/product"}],"replies":[{"embeddable":true,"href":"https:\/\/www.camruzgarligi.com\/index.php\/wp-json\/wp\/v2\/comments?post=11110"}],"version-history":[{"count":1,"href":"https:\/\/www.camruzgarligi.com\/index.php\/wp-json\/wp\/v2\/product\/11110\/revisions"}],"predecessor-version":[{"id":11111,"href":"https:\/\/www.camruzgarligi.com\/index.php\/wp-json\/wp\/v2\/product\/11110\/revisions\/11111"}],"wp:attachment":[{"href":"https:\/\/www.camruzgarligi.com\/index.php\/wp-json\/wp\/v2\/media?parent=11110"}],"wp:term":[{"taxonomy":"product_cat","embeddable":true,"href":"https:\/\/www.camruzgarligi.com\/index.php\/wp-json\/wp\/v2\/product_cat?post=11110"},{"taxonomy":"product_tag","embeddable":true,"href":"https:\/\/www.camruzgarligi.com\/index.php\/wp-json\/wp\/v2\/product_tag?post=11110"}],"curies":[{"name":"wp","href":"https:\/\/api.w.org\/{rel}","templated":true}]}}