{"id":11099,"date":"2025-01-14T15:45:14","date_gmt":"2025-01-14T12:45:14","guid":{"rendered":"https:\/\/www.camruzgarligi.com\/?post_type=product&#038;p=11099"},"modified":"2025-01-14T15:45:14","modified_gmt":"2025-01-14T12:45:14","slug":"renault-laguna-2-2001-2008-ve-sornasi-cam-ruzgarkigi-4lu","status":"publish","type":"product","link":"https:\/\/www.camruzgarligi.com\/index.php\/urun\/renault-laguna-2-2001-2008-ve-sornasi-cam-ruzgarkigi-4lu\/","title":{"rendered":"Renault Laguna 2  2001-2008 Ve Sornas\u0131 Cam R\u00fczgark\u0131\u011f\u0131 4l\u00fc"},"content":{"rendered":"<p>Renault Laguna 2  2001-2008 Ve Sornas\u0131 Cam R\u00fczgark\u0131\u011f\u0131 4l\u00fc<\/p>\n","protected":false},"excerpt":{"rendered":"<p>Renault Laguna 2 2001-2008 Ve Sornas\u0131 Cam R\u00fczgark\u0131\u011f\u0131 4l\u00fc<\/p>\n","protected":false},"featured_media":0,"comment_status":"closed","ping_status":"closed","template":"","meta":[],"product_cat":[232,223],"product_tag":[],"class_list":{"0":"post-11099","1":"product","2":"type-product","3":"status-publish","5":"product_cat-laguna","6":"product_cat-renault","8":"first","9":"instock","10":"sale","11":"shipping-taxable","12":"purchasable","13":"product-type-simple"},"_links":{"self":[{"href":"https:\/\/www.camruzgarligi.com\/index.php\/wp-json\/wp\/v2\/product\/11099","targetHints":{"allow":["GET"]}}],"collection":[{"href":"https:\/\/www.camruzgarligi.com\/index.php\/wp-json\/wp\/v2\/product"}],"about":[{"href":"https:\/\/www.camruzgarligi.com\/index.php\/wp-json\/wp\/v2\/types\/product"}],"replies":[{"embeddable":true,"href":"https:\/\/www.camruzgarligi.com\/index.php\/wp-json\/wp\/v2\/comments?post=11099"}],"version-history":[{"count":1,"href":"https:\/\/www.camruzgarligi.com\/index.php\/wp-json\/wp\/v2\/product\/11099\/revisions"}],"predecessor-version":[{"id":11100,"href":"https:\/\/www.camruzgarligi.com\/index.php\/wp-json\/wp\/v2\/product\/11099\/revisions\/11100"}],"wp:attachment":[{"href":"https:\/\/www.camruzgarligi.com\/index.php\/wp-json\/wp\/v2\/media?parent=11099"}],"wp:term":[{"taxonomy":"product_cat","embeddable":true,"href":"https:\/\/www.camruzgarligi.com\/index.php\/wp-json\/wp\/v2\/product_cat?post=11099"},{"taxonomy":"product_tag","embeddable":true,"href":"https:\/\/www.camruzgarligi.com\/index.php\/wp-json\/wp\/v2\/product_tag?post=11099"}],"curies":[{"name":"wp","href":"https:\/\/api.w.org\/{rel}","templated":true}]}}