{"id":11097,"date":"2025-01-14T15:42:39","date_gmt":"2025-01-14T12:42:39","guid":{"rendered":"https:\/\/www.camruzgarligi.com\/?post_type=product&#038;p=11097"},"modified":"2025-01-14T15:42:39","modified_gmt":"2025-01-14T12:42:39","slug":"renault-kadjar-2015-2022-ve-arasi-cam-ruzgarligi-4lu","status":"publish","type":"product","link":"https:\/\/www.camruzgarligi.com\/index.php\/urun\/renault-kadjar-2015-2022-ve-arasi-cam-ruzgarligi-4lu\/","title":{"rendered":"Renault Kadjar 2015-2022 Ve Aras\u0131 Cam R\u00fczgarl\u0131\u011f\u0131 4l\u00fc"},"content":{"rendered":"<p>Renault Kadjar 2015-2022 Ve Aras\u0131 Cam R\u00fczgarl\u0131\u011f\u0131 4l\u00fc<\/p>\n","protected":false},"excerpt":{"rendered":"<p>Renault Kadjar 2015-2022 Ve Aras\u0131 Cam R\u00fczgarl\u0131\u011f\u0131 4l\u00fc<\/p>\n","protected":false},"featured_media":0,"comment_status":"closed","ping_status":"closed","template":"","meta":[],"product_cat":[231,223],"product_tag":[],"class_list":{"0":"post-11097","1":"product","2":"type-product","3":"status-publish","5":"product_cat-kadjar","6":"product_cat-renault","8":"first","9":"instock","10":"sale","11":"shipping-taxable","12":"purchasable","13":"product-type-simple"},"_links":{"self":[{"href":"https:\/\/www.camruzgarligi.com\/index.php\/wp-json\/wp\/v2\/product\/11097","targetHints":{"allow":["GET"]}}],"collection":[{"href":"https:\/\/www.camruzgarligi.com\/index.php\/wp-json\/wp\/v2\/product"}],"about":[{"href":"https:\/\/www.camruzgarligi.com\/index.php\/wp-json\/wp\/v2\/types\/product"}],"replies":[{"embeddable":true,"href":"https:\/\/www.camruzgarligi.com\/index.php\/wp-json\/wp\/v2\/comments?post=11097"}],"version-history":[{"count":1,"href":"https:\/\/www.camruzgarligi.com\/index.php\/wp-json\/wp\/v2\/product\/11097\/revisions"}],"predecessor-version":[{"id":11098,"href":"https:\/\/www.camruzgarligi.com\/index.php\/wp-json\/wp\/v2\/product\/11097\/revisions\/11098"}],"wp:attachment":[{"href":"https:\/\/www.camruzgarligi.com\/index.php\/wp-json\/wp\/v2\/media?parent=11097"}],"wp:term":[{"taxonomy":"product_cat","embeddable":true,"href":"https:\/\/www.camruzgarligi.com\/index.php\/wp-json\/wp\/v2\/product_cat?post=11097"},{"taxonomy":"product_tag","embeddable":true,"href":"https:\/\/www.camruzgarligi.com\/index.php\/wp-json\/wp\/v2\/product_tag?post=11097"}],"curies":[{"name":"wp","href":"https:\/\/api.w.org\/{rel}","templated":true}]}}