{"id":11062,"date":"2025-01-14T13:16:54","date_gmt":"2025-01-14T10:16:54","guid":{"rendered":"https:\/\/www.camruzgarligi.com\/?post_type=product&#038;p=11062"},"modified":"2025-01-14T13:56:53","modified_gmt":"2025-01-14T10:56:53","slug":"peugeot-301-cam-ruzgariligi-4lu","status":"publish","type":"product","link":"https:\/\/www.camruzgarligi.com\/index.php\/urun\/peugeot-301-cam-ruzgariligi-4lu\/","title":{"rendered":"Peugeot 301 Cam R\u00fczgar\u0131l\u0131\u011f\u0131 4l\u00fc"},"content":{"rendered":"<p>Peugeot 301 Cam R\u00fczgar\u0131l\u0131\u011f\u0131 4l\u00fc<\/p>\n","protected":false},"excerpt":{"rendered":"<p>Peugeot 301 Cam R\u00fczgar\u0131l\u0131\u011f\u0131 4l\u00fc<\/p>\n","protected":false},"featured_media":0,"comment_status":"closed","ping_status":"closed","template":"","meta":[],"product_cat":[216,214],"product_tag":[],"class_list":{"0":"post-11062","1":"product","2":"type-product","3":"status-publish","5":"product_cat-216","6":"product_cat-peugeot","8":"first","9":"instock","10":"sale","11":"shipping-taxable","12":"purchasable","13":"product-type-simple"},"_links":{"self":[{"href":"https:\/\/www.camruzgarligi.com\/index.php\/wp-json\/wp\/v2\/product\/11062","targetHints":{"allow":["GET"]}}],"collection":[{"href":"https:\/\/www.camruzgarligi.com\/index.php\/wp-json\/wp\/v2\/product"}],"about":[{"href":"https:\/\/www.camruzgarligi.com\/index.php\/wp-json\/wp\/v2\/types\/product"}],"replies":[{"embeddable":true,"href":"https:\/\/www.camruzgarligi.com\/index.php\/wp-json\/wp\/v2\/comments?post=11062"}],"version-history":[{"count":1,"href":"https:\/\/www.camruzgarligi.com\/index.php\/wp-json\/wp\/v2\/product\/11062\/revisions"}],"predecessor-version":[{"id":11063,"href":"https:\/\/www.camruzgarligi.com\/index.php\/wp-json\/wp\/v2\/product\/11062\/revisions\/11063"}],"wp:attachment":[{"href":"https:\/\/www.camruzgarligi.com\/index.php\/wp-json\/wp\/v2\/media?parent=11062"}],"wp:term":[{"taxonomy":"product_cat","embeddable":true,"href":"https:\/\/www.camruzgarligi.com\/index.php\/wp-json\/wp\/v2\/product_cat?post=11062"},{"taxonomy":"product_tag","embeddable":true,"href":"https:\/\/www.camruzgarligi.com\/index.php\/wp-json\/wp\/v2\/product_tag?post=11062"}],"curies":[{"name":"wp","href":"https:\/\/api.w.org\/{rel}","templated":true}]}}