{"id":10966,"date":"2024-08-30T14:40:15","date_gmt":"2024-08-30T11:40:15","guid":{"rendered":"https:\/\/www.camruzgarligi.com\/?post_type=product&#038;p=10966"},"modified":"2025-01-14T12:43:07","modified_gmt":"2025-01-14T09:43:07","slug":"mitsubishi-l200-1992-1999-arasi-cam-ruzgarligi-4lu","status":"publish","type":"product","link":"https:\/\/www.camruzgarligi.com\/index.php\/urun\/mitsubishi-l200-1992-1999-arasi-cam-ruzgarligi-4lu\/","title":{"rendered":"Mitsubishi L200 1992-1999 Ve Aras\u0131 Cam R\u00fczgarl\u0131\u011f\u0131 4l\u00fc"},"content":{"rendered":"<p>Mitsubishi L200 1992-1999 Ve Aras\u0131 Cam R\u00fczgarl\u0131\u011f\u0131 4l\u00fc<\/p>\n","protected":false},"excerpt":{"rendered":"<p>Mitsubishi L200 1992-1999 Ve Aras\u0131 Cam R\u00fczgarl\u0131\u011f\u0131 4l\u00fc<\/p>\n","protected":false},"featured_media":0,"comment_status":"closed","ping_status":"closed","template":"","meta":[],"product_cat":[202,200],"product_tag":[],"class_list":{"0":"post-10966","1":"product","2":"type-product","3":"status-publish","5":"product_cat-l200","6":"product_cat-mitsubishi","8":"first","9":"instock","10":"sale","11":"shipping-taxable","12":"purchasable","13":"product-type-simple"},"_links":{"self":[{"href":"https:\/\/www.camruzgarligi.com\/index.php\/wp-json\/wp\/v2\/product\/10966","targetHints":{"allow":["GET"]}}],"collection":[{"href":"https:\/\/www.camruzgarligi.com\/index.php\/wp-json\/wp\/v2\/product"}],"about":[{"href":"https:\/\/www.camruzgarligi.com\/index.php\/wp-json\/wp\/v2\/types\/product"}],"replies":[{"embeddable":true,"href":"https:\/\/www.camruzgarligi.com\/index.php\/wp-json\/wp\/v2\/comments?post=10966"}],"version-history":[{"count":2,"href":"https:\/\/www.camruzgarligi.com\/index.php\/wp-json\/wp\/v2\/product\/10966\/revisions"}],"predecessor-version":[{"id":11034,"href":"https:\/\/www.camruzgarligi.com\/index.php\/wp-json\/wp\/v2\/product\/10966\/revisions\/11034"}],"wp:attachment":[{"href":"https:\/\/www.camruzgarligi.com\/index.php\/wp-json\/wp\/v2\/media?parent=10966"}],"wp:term":[{"taxonomy":"product_cat","embeddable":true,"href":"https:\/\/www.camruzgarligi.com\/index.php\/wp-json\/wp\/v2\/product_cat?post=10966"},{"taxonomy":"product_tag","embeddable":true,"href":"https:\/\/www.camruzgarligi.com\/index.php\/wp-json\/wp\/v2\/product_tag?post=10966"}],"curies":[{"name":"wp","href":"https:\/\/api.w.org\/{rel}","templated":true}]}}