{"id":10960,"date":"2024-08-30T10:56:31","date_gmt":"2024-08-30T07:56:31","guid":{"rendered":"https:\/\/www.camruzgarligi.com\/?post_type=product&#038;p=10960"},"modified":"2024-08-30T10:56:31","modified_gmt":"2024-08-30T07:56:31","slug":"mercedes-sprinter-w907-kasa-fiti-ustu-2019-ve-sonrasi-cam-ruzgarligii-2li","status":"publish","type":"product","link":"https:\/\/www.camruzgarligi.com\/index.php\/urun\/mercedes-sprinter-w907-kasa-fiti-ustu-2019-ve-sonrasi-cam-ruzgarligii-2li\/","title":{"rendered":"Mercedes Sprinter W907 Kasa fiti \u00dcst\u00fc 2019 ve Sonras\u0131 Cam R\u00fczgarl\u0131\u011f\u0131\u0131 2li"},"content":{"rendered":"<p>Mercedes Sprinter W907 Kasa fiti \u00dcst\u00fc 2019 ve Sonras\u0131 Cam R\u00fczgarl\u0131\u011f\u0131\u0131 2li<\/p>\n","protected":false},"excerpt":{"rendered":"<p>Mercedes Sprinter W907 Kasa fiti \u00dcst\u00fc 2019 ve Sonras\u0131 Cam R\u00fczgarl\u0131\u011f\u0131\u0131 2li<\/p>\n","protected":false},"featured_media":0,"comment_status":"closed","ping_status":"closed","template":"","meta":[],"product_cat":[193,198],"product_tag":[],"class_list":{"0":"post-10960","1":"product","2":"type-product","3":"status-publish","5":"product_cat-mercedes","6":"product_cat-sprinter","8":"first","9":"instock","10":"sale","11":"shipping-taxable","12":"purchasable","13":"product-type-simple"},"_links":{"self":[{"href":"https:\/\/www.camruzgarligi.com\/index.php\/wp-json\/wp\/v2\/product\/10960","targetHints":{"allow":["GET"]}}],"collection":[{"href":"https:\/\/www.camruzgarligi.com\/index.php\/wp-json\/wp\/v2\/product"}],"about":[{"href":"https:\/\/www.camruzgarligi.com\/index.php\/wp-json\/wp\/v2\/types\/product"}],"replies":[{"embeddable":true,"href":"https:\/\/www.camruzgarligi.com\/index.php\/wp-json\/wp\/v2\/comments?post=10960"}],"version-history":[{"count":1,"href":"https:\/\/www.camruzgarligi.com\/index.php\/wp-json\/wp\/v2\/product\/10960\/revisions"}],"predecessor-version":[{"id":10961,"href":"https:\/\/www.camruzgarligi.com\/index.php\/wp-json\/wp\/v2\/product\/10960\/revisions\/10961"}],"wp:attachment":[{"href":"https:\/\/www.camruzgarligi.com\/index.php\/wp-json\/wp\/v2\/media?parent=10960"}],"wp:term":[{"taxonomy":"product_cat","embeddable":true,"href":"https:\/\/www.camruzgarligi.com\/index.php\/wp-json\/wp\/v2\/product_cat?post=10960"},{"taxonomy":"product_tag","embeddable":true,"href":"https:\/\/www.camruzgarligi.com\/index.php\/wp-json\/wp\/v2\/product_tag?post=10960"}],"curies":[{"name":"wp","href":"https:\/\/api.w.org\/{rel}","templated":true}]}}