{"id":10958,"date":"2024-08-30T10:52:50","date_gmt":"2024-08-30T07:52:50","guid":{"rendered":"https:\/\/www.camruzgarligi.com\/?post_type=product&#038;p=10958"},"modified":"2024-08-30T10:52:50","modified_gmt":"2024-08-30T07:52:50","slug":"mercedes-sprinter-w906-kasa-fitil-ustu-2007-2019-arasi-cam-ruzgarligi-2li","status":"publish","type":"product","link":"https:\/\/www.camruzgarligi.com\/index.php\/urun\/mercedes-sprinter-w906-kasa-fitil-ustu-2007-2019-arasi-cam-ruzgarligi-2li\/","title":{"rendered":"Mercedes Sprinter W906 Kasa Fitil \u00dcst\u00fc 2007-2019 Aras\u0131 Cam R\u00fczgarl\u0131\u011f\u0131 2li"},"content":{"rendered":"<p>Mercedes Sprinter W906 Kasa Fitil \u00dcst\u00fc 2007-2019 Aras\u0131 Cam R\u00fczgarl\u0131\u011f\u0131 2li<\/p>\n","protected":false},"excerpt":{"rendered":"<p>Mercedes Sprinter W906 Kasa Fitil \u00dcst\u00fc 2007-2019 Aras\u0131 Cam R\u00fczgarl\u0131\u011f\u0131 2li<\/p>\n","protected":false},"featured_media":0,"comment_status":"closed","ping_status":"closed","template":"","meta":[],"product_cat":[193,198],"product_tag":[],"class_list":{"0":"post-10958","1":"product","2":"type-product","3":"status-publish","5":"product_cat-mercedes","6":"product_cat-sprinter","8":"first","9":"instock","10":"sale","11":"shipping-taxable","12":"purchasable","13":"product-type-simple"},"_links":{"self":[{"href":"https:\/\/www.camruzgarligi.com\/index.php\/wp-json\/wp\/v2\/product\/10958","targetHints":{"allow":["GET"]}}],"collection":[{"href":"https:\/\/www.camruzgarligi.com\/index.php\/wp-json\/wp\/v2\/product"}],"about":[{"href":"https:\/\/www.camruzgarligi.com\/index.php\/wp-json\/wp\/v2\/types\/product"}],"replies":[{"embeddable":true,"href":"https:\/\/www.camruzgarligi.com\/index.php\/wp-json\/wp\/v2\/comments?post=10958"}],"version-history":[{"count":1,"href":"https:\/\/www.camruzgarligi.com\/index.php\/wp-json\/wp\/v2\/product\/10958\/revisions"}],"predecessor-version":[{"id":10959,"href":"https:\/\/www.camruzgarligi.com\/index.php\/wp-json\/wp\/v2\/product\/10958\/revisions\/10959"}],"wp:attachment":[{"href":"https:\/\/www.camruzgarligi.com\/index.php\/wp-json\/wp\/v2\/media?parent=10958"}],"wp:term":[{"taxonomy":"product_cat","embeddable":true,"href":"https:\/\/www.camruzgarligi.com\/index.php\/wp-json\/wp\/v2\/product_cat?post=10958"},{"taxonomy":"product_tag","embeddable":true,"href":"https:\/\/www.camruzgarligi.com\/index.php\/wp-json\/wp\/v2\/product_tag?post=10958"}],"curies":[{"name":"wp","href":"https:\/\/api.w.org\/{rel}","templated":true}]}}