{"id":10954,"date":"2024-08-30T10:41:14","date_gmt":"2024-08-30T07:41:14","guid":{"rendered":"https:\/\/www.camruzgarligi.com\/?post_type=product&#038;p=10954"},"modified":"2024-08-30T10:41:14","modified_gmt":"2024-08-30T07:41:14","slug":"mercedes-e-serisi-w211-kasa-2001-2008-arasi-cam-ruzgarligi-4lu","status":"publish","type":"product","link":"https:\/\/www.camruzgarligi.com\/index.php\/urun\/mercedes-e-serisi-w211-kasa-2001-2008-arasi-cam-ruzgarligi-4lu\/","title":{"rendered":"Mercedes E Serisi W211 Kasa  2001-2008 Aras\u0131 Cam R\u00fczgarl\u0131\u011f\u0131 4l\u00fc"},"content":{"rendered":"<p>Mercedes E Serisi W211 Kasa 2001-2008 Aras\u0131 Cam R\u00fczgarl\u0131\u011f\u0131 4l\u00fc<\/p>\n","protected":false},"excerpt":{"rendered":"<p>Mercedes E Serisi W211 Kasa 2001-2008 Aras\u0131 Cam R\u00fczgarl\u0131\u011f\u0131 4l\u00fc<\/p>\n","protected":false},"featured_media":0,"comment_status":"closed","ping_status":"closed","template":"","meta":[],"product_cat":[197,193],"product_tag":[],"class_list":{"0":"post-10954","1":"product","2":"type-product","3":"status-publish","5":"product_cat-e-serisi","6":"product_cat-mercedes","8":"first","9":"instock","10":"sale","11":"shipping-taxable","12":"purchasable","13":"product-type-simple"},"_links":{"self":[{"href":"https:\/\/www.camruzgarligi.com\/index.php\/wp-json\/wp\/v2\/product\/10954","targetHints":{"allow":["GET"]}}],"collection":[{"href":"https:\/\/www.camruzgarligi.com\/index.php\/wp-json\/wp\/v2\/product"}],"about":[{"href":"https:\/\/www.camruzgarligi.com\/index.php\/wp-json\/wp\/v2\/types\/product"}],"replies":[{"embeddable":true,"href":"https:\/\/www.camruzgarligi.com\/index.php\/wp-json\/wp\/v2\/comments?post=10954"}],"version-history":[{"count":1,"href":"https:\/\/www.camruzgarligi.com\/index.php\/wp-json\/wp\/v2\/product\/10954\/revisions"}],"predecessor-version":[{"id":10955,"href":"https:\/\/www.camruzgarligi.com\/index.php\/wp-json\/wp\/v2\/product\/10954\/revisions\/10955"}],"wp:attachment":[{"href":"https:\/\/www.camruzgarligi.com\/index.php\/wp-json\/wp\/v2\/media?parent=10954"}],"wp:term":[{"taxonomy":"product_cat","embeddable":true,"href":"https:\/\/www.camruzgarligi.com\/index.php\/wp-json\/wp\/v2\/product_cat?post=10954"},{"taxonomy":"product_tag","embeddable":true,"href":"https:\/\/www.camruzgarligi.com\/index.php\/wp-json\/wp\/v2\/product_tag?post=10954"}],"curies":[{"name":"wp","href":"https:\/\/api.w.org\/{rel}","templated":true}]}}