{"id":10945,"date":"2024-08-28T16:13:33","date_gmt":"2024-08-28T13:13:33","guid":{"rendered":"https:\/\/www.camruzgarligi.com\/?post_type=product&#038;p=10945"},"modified":"2024-08-28T16:13:33","modified_gmt":"2024-08-28T13:13:33","slug":"mercedes-axor-cam-ruzgarligi-2li","status":"publish","type":"product","link":"https:\/\/www.camruzgarligi.com\/index.php\/urun\/mercedes-axor-cam-ruzgarligi-2li\/","title":{"rendered":"Mercedes Axor Cam R\u00fczgarl\u0131\u011f\u0131 2li"},"content":{"rendered":"<p>Mercedes Axor Cam R\u00fczgarl\u0131\u011f\u0131 2li<\/p>\n","protected":false},"excerpt":{"rendered":"<p>Mercedes Axor Cam R\u00fczgarl\u0131\u011f\u0131 2li<\/p>\n","protected":false},"featured_media":0,"comment_status":"closed","ping_status":"closed","template":"","meta":[],"product_cat":[194,193],"product_tag":[],"class_list":{"0":"post-10945","1":"product","2":"type-product","3":"status-publish","5":"product_cat-axor","6":"product_cat-mercedes","8":"first","9":"instock","10":"sale","11":"shipping-taxable","12":"purchasable","13":"product-type-simple"},"_links":{"self":[{"href":"https:\/\/www.camruzgarligi.com\/index.php\/wp-json\/wp\/v2\/product\/10945","targetHints":{"allow":["GET"]}}],"collection":[{"href":"https:\/\/www.camruzgarligi.com\/index.php\/wp-json\/wp\/v2\/product"}],"about":[{"href":"https:\/\/www.camruzgarligi.com\/index.php\/wp-json\/wp\/v2\/types\/product"}],"replies":[{"embeddable":true,"href":"https:\/\/www.camruzgarligi.com\/index.php\/wp-json\/wp\/v2\/comments?post=10945"}],"version-history":[{"count":1,"href":"https:\/\/www.camruzgarligi.com\/index.php\/wp-json\/wp\/v2\/product\/10945\/revisions"}],"predecessor-version":[{"id":10946,"href":"https:\/\/www.camruzgarligi.com\/index.php\/wp-json\/wp\/v2\/product\/10945\/revisions\/10946"}],"wp:attachment":[{"href":"https:\/\/www.camruzgarligi.com\/index.php\/wp-json\/wp\/v2\/media?parent=10945"}],"wp:term":[{"taxonomy":"product_cat","embeddable":true,"href":"https:\/\/www.camruzgarligi.com\/index.php\/wp-json\/wp\/v2\/product_cat?post=10945"},{"taxonomy":"product_tag","embeddable":true,"href":"https:\/\/www.camruzgarligi.com\/index.php\/wp-json\/wp\/v2\/product_tag?post=10945"}],"curies":[{"name":"wp","href":"https:\/\/api.w.org\/{rel}","templated":true}]}}