{"id":10941,"date":"2024-08-28T16:06:32","date_gmt":"2024-08-28T13:06:32","guid":{"rendered":"https:\/\/www.camruzgarligi.com\/?post_type=product&#038;p=10941"},"modified":"2024-08-28T16:06:32","modified_gmt":"2024-08-28T13:06:32","slug":"mazda-2-2015-ve-sonrasi-cam-ruzgarligi-4lu","status":"publish","type":"product","link":"https:\/\/www.camruzgarligi.com\/index.php\/urun\/mazda-2-2015-ve-sonrasi-cam-ruzgarligi-4lu\/","title":{"rendered":"Mazda 2 2015 ve Sonras\u0131 Cam R\u00fczgarl\u0131\u011f\u0131  4l\u00fc"},"content":{"rendered":"<p>Mazda 2 2015 ve Sonras\u0131 Cam R\u00fczgarl\u0131\u011f\u0131 4l\u00fc<\/p>\n","protected":false},"excerpt":{"rendered":"<p>Mazda 2 2015 ve Sonras\u0131 Cam R\u00fczgarl\u0131\u011f\u0131 4l\u00fc<\/p>\n","protected":false},"featured_media":0,"comment_status":"closed","ping_status":"closed","template":"","meta":[],"product_cat":[190,191],"product_tag":[],"class_list":{"0":"post-10941","1":"product","2":"type-product","3":"status-publish","5":"product_cat-mazda","6":"product_cat-mazda-2","8":"first","9":"instock","10":"sale","11":"shipping-taxable","12":"purchasable","13":"product-type-simple"},"_links":{"self":[{"href":"https:\/\/www.camruzgarligi.com\/index.php\/wp-json\/wp\/v2\/product\/10941","targetHints":{"allow":["GET"]}}],"collection":[{"href":"https:\/\/www.camruzgarligi.com\/index.php\/wp-json\/wp\/v2\/product"}],"about":[{"href":"https:\/\/www.camruzgarligi.com\/index.php\/wp-json\/wp\/v2\/types\/product"}],"replies":[{"embeddable":true,"href":"https:\/\/www.camruzgarligi.com\/index.php\/wp-json\/wp\/v2\/comments?post=10941"}],"version-history":[{"count":1,"href":"https:\/\/www.camruzgarligi.com\/index.php\/wp-json\/wp\/v2\/product\/10941\/revisions"}],"predecessor-version":[{"id":10942,"href":"https:\/\/www.camruzgarligi.com\/index.php\/wp-json\/wp\/v2\/product\/10941\/revisions\/10942"}],"wp:attachment":[{"href":"https:\/\/www.camruzgarligi.com\/index.php\/wp-json\/wp\/v2\/media?parent=10941"}],"wp:term":[{"taxonomy":"product_cat","embeddable":true,"href":"https:\/\/www.camruzgarligi.com\/index.php\/wp-json\/wp\/v2\/product_cat?post=10941"},{"taxonomy":"product_tag","embeddable":true,"href":"https:\/\/www.camruzgarligi.com\/index.php\/wp-json\/wp\/v2\/product_tag?post=10941"}],"curies":[{"name":"wp","href":"https:\/\/api.w.org\/{rel}","templated":true}]}}