{"id":10939,"date":"2024-08-28T16:02:43","date_gmt":"2024-08-28T13:02:43","guid":{"rendered":"https:\/\/www.camruzgarligi.com\/?post_type=product&#038;p=10939"},"modified":"2024-08-28T16:02:43","modified_gmt":"2024-08-28T13:02:43","slug":"range-rover-sport-oem-model-ice-gecmeli-2013-2022-arasi-cam-ruzgarligi-4lu","status":"publish","type":"product","link":"https:\/\/www.camruzgarligi.com\/index.php\/urun\/range-rover-sport-oem-model-ice-gecmeli-2013-2022-arasi-cam-ruzgarligi-4lu\/","title":{"rendered":"Range Rover Sport Oem Model \u0130\u00e7e Ge\u00e7meli  2013-2022 Aras\u0131 Cam R\u00fczgarl\u0131\u011f\u0131 4l\u00fc"},"content":{"rendered":"<p>Range Rover Sport Oem Model \u0130\u00e7e Ge\u00e7meli 2013-2022 Aras\u0131 Cam R\u00fczgarl\u0131\u011f\u0131 4l\u00fc<\/p>\n","protected":false},"excerpt":{"rendered":"<p>Range Rover Sport Oem Model \u0130\u00e7e Ge\u00e7meli 2013-2022 Aras\u0131 Cam R\u00fczgarl\u0131\u011f\u0131 4l\u00fc<\/p>\n","protected":false},"featured_media":0,"comment_status":"closed","ping_status":"closed","template":"","meta":[],"product_cat":[188,189],"product_tag":[],"class_list":{"0":"post-10939","1":"product","2":"type-product","3":"status-publish","5":"product_cat-land-rover","6":"product_cat-range-rover","8":"first","9":"instock","10":"sale","11":"shipping-taxable","12":"purchasable","13":"product-type-simple"},"_links":{"self":[{"href":"https:\/\/www.camruzgarligi.com\/index.php\/wp-json\/wp\/v2\/product\/10939","targetHints":{"allow":["GET"]}}],"collection":[{"href":"https:\/\/www.camruzgarligi.com\/index.php\/wp-json\/wp\/v2\/product"}],"about":[{"href":"https:\/\/www.camruzgarligi.com\/index.php\/wp-json\/wp\/v2\/types\/product"}],"replies":[{"embeddable":true,"href":"https:\/\/www.camruzgarligi.com\/index.php\/wp-json\/wp\/v2\/comments?post=10939"}],"version-history":[{"count":1,"href":"https:\/\/www.camruzgarligi.com\/index.php\/wp-json\/wp\/v2\/product\/10939\/revisions"}],"predecessor-version":[{"id":10940,"href":"https:\/\/www.camruzgarligi.com\/index.php\/wp-json\/wp\/v2\/product\/10939\/revisions\/10940"}],"wp:attachment":[{"href":"https:\/\/www.camruzgarligi.com\/index.php\/wp-json\/wp\/v2\/media?parent=10939"}],"wp:term":[{"taxonomy":"product_cat","embeddable":true,"href":"https:\/\/www.camruzgarligi.com\/index.php\/wp-json\/wp\/v2\/product_cat?post=10939"},{"taxonomy":"product_tag","embeddable":true,"href":"https:\/\/www.camruzgarligi.com\/index.php\/wp-json\/wp\/v2\/product_tag?post=10939"}],"curies":[{"name":"wp","href":"https:\/\/api.w.org\/{rel}","templated":true}]}}