{"id":10861,"date":"2024-08-26T11:15:42","date_gmt":"2024-08-26T08:15:42","guid":{"rendered":"https:\/\/www.camruzgarligi.com\/?post_type=product&#038;p=10861"},"modified":"2024-08-26T11:15:42","modified_gmt":"2024-08-26T08:15:42","slug":"ford-transit-1993-2002-arasi-cam-ruzgarligi-2li","status":"publish","type":"product","link":"https:\/\/www.camruzgarligi.com\/index.php\/urun\/ford-transit-1993-2002-arasi-cam-ruzgarligi-2li\/","title":{"rendered":"Ford Transit  1993-2002 Aras\u0131 Cam R\u00fczgarl\u0131\u011f\u0131 2li"},"content":{"rendered":"<p>Ford Transit 1993-2002 Aras\u0131 Cam R\u00fczgarl\u0131\u011f\u0131 2li<\/p>\n","protected":false},"excerpt":{"rendered":"<p>Ford Transit 1993-2002 Aras\u0131 Cam R\u00fczgarl\u0131\u011f\u0131 2li<\/p>\n","protected":false},"featured_media":0,"comment_status":"closed","ping_status":"closed","template":"","meta":[],"product_cat":[158,166],"product_tag":[],"class_list":{"0":"post-10861","1":"product","2":"type-product","3":"status-publish","5":"product_cat-ford","6":"product_cat-transit","8":"first","9":"instock","10":"sale","11":"shipping-taxable","12":"purchasable","13":"product-type-simple"},"_links":{"self":[{"href":"https:\/\/www.camruzgarligi.com\/index.php\/wp-json\/wp\/v2\/product\/10861","targetHints":{"allow":["GET"]}}],"collection":[{"href":"https:\/\/www.camruzgarligi.com\/index.php\/wp-json\/wp\/v2\/product"}],"about":[{"href":"https:\/\/www.camruzgarligi.com\/index.php\/wp-json\/wp\/v2\/types\/product"}],"replies":[{"embeddable":true,"href":"https:\/\/www.camruzgarligi.com\/index.php\/wp-json\/wp\/v2\/comments?post=10861"}],"version-history":[{"count":1,"href":"https:\/\/www.camruzgarligi.com\/index.php\/wp-json\/wp\/v2\/product\/10861\/revisions"}],"predecessor-version":[{"id":10862,"href":"https:\/\/www.camruzgarligi.com\/index.php\/wp-json\/wp\/v2\/product\/10861\/revisions\/10862"}],"wp:attachment":[{"href":"https:\/\/www.camruzgarligi.com\/index.php\/wp-json\/wp\/v2\/media?parent=10861"}],"wp:term":[{"taxonomy":"product_cat","embeddable":true,"href":"https:\/\/www.camruzgarligi.com\/index.php\/wp-json\/wp\/v2\/product_cat?post=10861"},{"taxonomy":"product_tag","embeddable":true,"href":"https:\/\/www.camruzgarligi.com\/index.php\/wp-json\/wp\/v2\/product_tag?post=10861"}],"curies":[{"name":"wp","href":"https:\/\/api.w.org\/{rel}","templated":true}]}}