{"id":10803,"date":"2024-08-25T20:41:55","date_gmt":"2024-08-25T17:41:55","guid":{"rendered":"https:\/\/www.camruzgarligi.com\/?post_type=product&#038;p=10803"},"modified":"2024-08-25T20:42:14","modified_gmt":"2024-08-25T17:42:14","slug":"fiat-doblo-2023-ve-sonrasi-cam-ruzgarligi-4lu","status":"publish","type":"product","link":"https:\/\/www.camruzgarligi.com\/index.php\/urun\/fiat-doblo-2023-ve-sonrasi-cam-ruzgarligi-4lu\/","title":{"rendered":"Fiat Doblo 2023 ve Sonras\u0131 Cam R\u00fczgarl\u0131\u011f\u0131 4l\u00fc"},"content":{"rendered":"<p>Fiat Doblo 2023 ve Sonras\u0131 Cam R\u00fczgarl\u0131\u011f\u0131<\/p>\n","protected":false},"excerpt":{"rendered":"<p>Fiat Doblo 2023 ve Sonras\u0131 Cam R\u00fczgarl\u0131\u011f\u0131<\/p>\n","protected":false},"featured_media":0,"comment_status":"closed","ping_status":"closed","template":"","meta":[],"product_cat":[148,146],"product_tag":[],"class_list":{"0":"post-10803","1":"product","2":"type-product","3":"status-publish","5":"product_cat-doblo","6":"product_cat-fiat","8":"first","9":"instock","10":"sale","11":"shipping-taxable","12":"purchasable","13":"product-type-simple"},"_links":{"self":[{"href":"https:\/\/www.camruzgarligi.com\/index.php\/wp-json\/wp\/v2\/product\/10803","targetHints":{"allow":["GET"]}}],"collection":[{"href":"https:\/\/www.camruzgarligi.com\/index.php\/wp-json\/wp\/v2\/product"}],"about":[{"href":"https:\/\/www.camruzgarligi.com\/index.php\/wp-json\/wp\/v2\/types\/product"}],"replies":[{"embeddable":true,"href":"https:\/\/www.camruzgarligi.com\/index.php\/wp-json\/wp\/v2\/comments?post=10803"}],"version-history":[{"count":2,"href":"https:\/\/www.camruzgarligi.com\/index.php\/wp-json\/wp\/v2\/product\/10803\/revisions"}],"predecessor-version":[{"id":10805,"href":"https:\/\/www.camruzgarligi.com\/index.php\/wp-json\/wp\/v2\/product\/10803\/revisions\/10805"}],"wp:attachment":[{"href":"https:\/\/www.camruzgarligi.com\/index.php\/wp-json\/wp\/v2\/media?parent=10803"}],"wp:term":[{"taxonomy":"product_cat","embeddable":true,"href":"https:\/\/www.camruzgarligi.com\/index.php\/wp-json\/wp\/v2\/product_cat?post=10803"},{"taxonomy":"product_tag","embeddable":true,"href":"https:\/\/www.camruzgarligi.com\/index.php\/wp-json\/wp\/v2\/product_tag?post=10803"}],"curies":[{"name":"wp","href":"https:\/\/api.w.org\/{rel}","templated":true}]}}