{"id":10797,"date":"2024-08-25T20:35:18","date_gmt":"2024-08-25T17:35:18","guid":{"rendered":"https:\/\/www.camruzgarligi.com\/?post_type=product&#038;p=10797"},"modified":"2024-08-25T20:35:18","modified_gmt":"2024-08-25T17:35:18","slug":"dodge-as-250-cam-ruzgarligi-2li","status":"publish","type":"product","link":"https:\/\/www.camruzgarligi.com\/index.php\/urun\/dodge-as-250-cam-ruzgarligi-2li\/","title":{"rendered":"Dodge As 250 Cam R\u00fczgarl\u0131\u011f\u0131 2li"},"content":{"rendered":"<p>Dodge As 250 Cam R\u00fczgarl\u0131\u011f\u0131 2li<\/p>\n","protected":false},"excerpt":{"rendered":"<p>Dodge As 250 Cam R\u00fczgarl\u0131\u011f\u0131 2li<\/p>\n","protected":false},"featured_media":0,"comment_status":"closed","ping_status":"closed","template":"","meta":[],"product_cat":[144,145],"product_tag":[],"class_list":{"0":"post-10797","1":"product","2":"type-product","3":"status-publish","5":"product_cat-dodge","6":"product_cat-dodge-as250","8":"first","9":"instock","10":"sale","11":"shipping-taxable","12":"purchasable","13":"product-type-simple"},"_links":{"self":[{"href":"https:\/\/www.camruzgarligi.com\/index.php\/wp-json\/wp\/v2\/product\/10797","targetHints":{"allow":["GET"]}}],"collection":[{"href":"https:\/\/www.camruzgarligi.com\/index.php\/wp-json\/wp\/v2\/product"}],"about":[{"href":"https:\/\/www.camruzgarligi.com\/index.php\/wp-json\/wp\/v2\/types\/product"}],"replies":[{"embeddable":true,"href":"https:\/\/www.camruzgarligi.com\/index.php\/wp-json\/wp\/v2\/comments?post=10797"}],"version-history":[{"count":1,"href":"https:\/\/www.camruzgarligi.com\/index.php\/wp-json\/wp\/v2\/product\/10797\/revisions"}],"predecessor-version":[{"id":10798,"href":"https:\/\/www.camruzgarligi.com\/index.php\/wp-json\/wp\/v2\/product\/10797\/revisions\/10798"}],"wp:attachment":[{"href":"https:\/\/www.camruzgarligi.com\/index.php\/wp-json\/wp\/v2\/media?parent=10797"}],"wp:term":[{"taxonomy":"product_cat","embeddable":true,"href":"https:\/\/www.camruzgarligi.com\/index.php\/wp-json\/wp\/v2\/product_cat?post=10797"},{"taxonomy":"product_tag","embeddable":true,"href":"https:\/\/www.camruzgarligi.com\/index.php\/wp-json\/wp\/v2\/product_tag?post=10797"}],"curies":[{"name":"wp","href":"https:\/\/api.w.org\/{rel}","templated":true}]}}