{"id":10757,"date":"2024-08-25T19:49:41","date_gmt":"2024-08-25T16:49:41","guid":{"rendered":"https:\/\/www.camruzgarligi.com\/?post_type=product&#038;p=10757"},"modified":"2024-08-25T20:07:20","modified_gmt":"2024-08-25T17:07:20","slug":"chery-omoda-5-cam-ruzgarligi-4lu","status":"publish","type":"product","link":"https:\/\/www.camruzgarligi.com\/index.php\/urun\/chery-omoda-5-cam-ruzgarligi-4lu\/","title":{"rendered":"Chery Omoda 5 Cam R\u00fczgarl\u0131\u011f\u0131 4l\u00fc"},"content":{"rendered":"<p>Chery Omoda 5 Cam R\u00fczgarl\u0131\u011f\u0131<\/p>\n","protected":false},"excerpt":{"rendered":"<p>Chery Omoda 5 Cam R\u00fczgarl\u0131\u011f\u0131<\/p>\n","protected":false},"featured_media":0,"comment_status":"closed","ping_status":"closed","template":"","meta":[],"product_cat":[128,129],"product_tag":[],"class_list":{"0":"post-10757","1":"product","2":"type-product","3":"status-publish","5":"product_cat-chery","6":"product_cat-omoda","8":"first","9":"instock","10":"sale","11":"shipping-taxable","12":"purchasable","13":"product-type-simple"},"_links":{"self":[{"href":"https:\/\/www.camruzgarligi.com\/index.php\/wp-json\/wp\/v2\/product\/10757","targetHints":{"allow":["GET"]}}],"collection":[{"href":"https:\/\/www.camruzgarligi.com\/index.php\/wp-json\/wp\/v2\/product"}],"about":[{"href":"https:\/\/www.camruzgarligi.com\/index.php\/wp-json\/wp\/v2\/types\/product"}],"replies":[{"embeddable":true,"href":"https:\/\/www.camruzgarligi.com\/index.php\/wp-json\/wp\/v2\/comments?post=10757"}],"version-history":[{"count":3,"href":"https:\/\/www.camruzgarligi.com\/index.php\/wp-json\/wp\/v2\/product\/10757\/revisions"}],"predecessor-version":[{"id":10775,"href":"https:\/\/www.camruzgarligi.com\/index.php\/wp-json\/wp\/v2\/product\/10757\/revisions\/10775"}],"wp:attachment":[{"href":"https:\/\/www.camruzgarligi.com\/index.php\/wp-json\/wp\/v2\/media?parent=10757"}],"wp:term":[{"taxonomy":"product_cat","embeddable":true,"href":"https:\/\/www.camruzgarligi.com\/index.php\/wp-json\/wp\/v2\/product_cat?post=10757"},{"taxonomy":"product_tag","embeddable":true,"href":"https:\/\/www.camruzgarligi.com\/index.php\/wp-json\/wp\/v2\/product_tag?post=10757"}],"curies":[{"name":"wp","href":"https:\/\/api.w.org\/{rel}","templated":true}]}}