{"id":10755,"date":"2024-08-25T19:47:03","date_gmt":"2024-08-25T16:47:03","guid":{"rendered":"https:\/\/www.camruzgarligi.com\/?post_type=product&#038;p=10755"},"modified":"2024-08-25T20:06:26","modified_gmt":"2024-08-25T17:06:26","slug":"bmw-3-serisi-f30-2012-2018-arasi-cam-ruzgarligi-4lu","status":"publish","type":"product","link":"https:\/\/www.camruzgarligi.com\/index.php\/urun\/bmw-3-serisi-f30-2012-2018-arasi-cam-ruzgarligi-4lu\/","title":{"rendered":"Bmw 3 Serisi F30 2012-2018 Aras\u0131 Cam R\u00fczgarl\u0131\u011f\u0131 4l\u00fc"},"content":{"rendered":"<p>Bmw 3 Serisi F30 2012-2018 Aras\u0131 Cam R\u00fczgarl\u0131\u011f\u0131<\/p>\n","protected":false},"excerpt":{"rendered":"<p>Bmw 3 Serisi F30 2012-2018 Aras\u0131 Cam R\u00fczgarl\u0131\u011f\u0131<\/p>\n","protected":false},"featured_media":0,"comment_status":"closed","ping_status":"closed","template":"","meta":[],"product_cat":[127,126],"product_tag":[],"class_list":{"0":"post-10755","1":"product","2":"type-product","3":"status-publish","5":"product_cat-3-serisi","6":"product_cat-bmw","8":"first","9":"instock","10":"sale","11":"shipping-taxable","12":"purchasable","13":"product-type-simple"},"_links":{"self":[{"href":"https:\/\/www.camruzgarligi.com\/index.php\/wp-json\/wp\/v2\/product\/10755","targetHints":{"allow":["GET"]}}],"collection":[{"href":"https:\/\/www.camruzgarligi.com\/index.php\/wp-json\/wp\/v2\/product"}],"about":[{"href":"https:\/\/www.camruzgarligi.com\/index.php\/wp-json\/wp\/v2\/types\/product"}],"replies":[{"embeddable":true,"href":"https:\/\/www.camruzgarligi.com\/index.php\/wp-json\/wp\/v2\/comments?post=10755"}],"version-history":[{"count":4,"href":"https:\/\/www.camruzgarligi.com\/index.php\/wp-json\/wp\/v2\/product\/10755\/revisions"}],"predecessor-version":[{"id":10774,"href":"https:\/\/www.camruzgarligi.com\/index.php\/wp-json\/wp\/v2\/product\/10755\/revisions\/10774"}],"wp:attachment":[{"href":"https:\/\/www.camruzgarligi.com\/index.php\/wp-json\/wp\/v2\/media?parent=10755"}],"wp:term":[{"taxonomy":"product_cat","embeddable":true,"href":"https:\/\/www.camruzgarligi.com\/index.php\/wp-json\/wp\/v2\/product_cat?post=10755"},{"taxonomy":"product_tag","embeddable":true,"href":"https:\/\/www.camruzgarligi.com\/index.php\/wp-json\/wp\/v2\/product_tag?post=10755"}],"curies":[{"name":"wp","href":"https:\/\/api.w.org\/{rel}","templated":true}]}}